{"id":387,"date":"2024-03-27T19:28:05","date_gmt":"2024-03-27T18:28:05","guid":{"rendered":"https:\/\/www.sc-donau.at\/?page_id=387"},"modified":"2025-05-24T09:21:03","modified_gmt":"2025-05-24T07:21:03","slug":"vorstand","status":"publish","type":"page","link":"https:\/\/www.sc-donau.at\/?page_id=387","title":{"rendered":"Vorstand"},"content":{"rendered":"\t\t<div data-elementor-type=\"wp-page\" data-elementor-id=\"387\" class=\"elementor elementor-387\">\n\t\t\t\t<div class=\"elementor-element elementor-element-21b73e0 e-flex e-con-boxed e-con e-parent\" data-id=\"21b73e0\" data-element_type=\"container\" data-core-v316-plus=\"true\">\n\t\t\t\t\t<div class=\"e-con-inner\">\n\t\t\t\t<div class=\"elementor-element elementor-element-dd6cc12 elementor-widget elementor-widget-text-editor\" data-id=\"dd6cc12\" data-element_type=\"widget\" data-widget_type=\"text-editor.default\">\n\t\t\t\t<div class=\"elementor-widget-container\">\n\t\t\t<style>\/*! elementor - v3.20.0 - 26-03-2024 *\/\n.elementor-widget-text-editor.elementor-drop-cap-view-stacked .elementor-drop-cap{background-color:#69727d;color:#fff}.elementor-widget-text-editor.elementor-drop-cap-view-framed .elementor-drop-cap{color:#69727d;border:3px solid;background-color:transparent}.elementor-widget-text-editor:not(.elementor-drop-cap-view-default) .elementor-drop-cap{margin-top:8px}.elementor-widget-text-editor:not(.elementor-drop-cap-view-default) .elementor-drop-cap-letter{width:1em;height:1em}.elementor-widget-text-editor .elementor-drop-cap{float:left;text-align:center;line-height:1;font-size:50px}.elementor-widget-text-editor .elementor-drop-cap-letter{display:inline-block}<\/style>\t\t\t\t<p>Untenstehend findet ihr die Vorstandsmitglieder unseres Vereins &#8222;Erster Wiener Donau Schwimm Club 1903&#8220;<\/p>\t\t\t\t\t\t<\/div>\n\t\t\t\t<\/div>\n\t\t\t\t\t<\/div>\n\t\t\t\t<\/div>\n\t\t<div class=\"elementor-element elementor-element-7676f27 e-flex e-con-boxed e-con e-parent\" data-id=\"7676f27\" data-element_type=\"container\" data-core-v316-plus=\"true\">\n\t\t\t\t\t<div class=\"e-con-inner\">\n\t\t<div class=\"elementor-element elementor-element-b194390 e-con-full e-flex e-con e-child\" data-id=\"b194390\" data-element_type=\"container\">\n\t\t\t\t<div class=\"elementor-element elementor-element-3bcc371 elementor-widget__width-initial elementor-widget elementor-widget-image\" data-id=\"3bcc371\" data-element_type=\"widget\" data-widget_type=\"image.default\">\n\t\t\t\t<div class=\"elementor-widget-container\">\n\t\t\t<style>\/*! elementor - v3.20.0 - 26-03-2024 *\/\n.elementor-widget-image{text-align:center}.elementor-widget-image a{display:inline-block}.elementor-widget-image a img[src$=\".svg\"]{width:48px}.elementor-widget-image img{vertical-align:middle;display:inline-block}<\/style>\t\t\t\t\t\t\t\t\t\t<img fetchpriority=\"high\" decoding=\"async\" width=\"500\" height=\"536\" src=\"https:\/\/www.sc-donau.at\/wp-content\/uploads\/2024\/12\/Gerhard-Kopie.jpg\" class=\"attachment-large size-large wp-image-1153\" alt=\"\" srcset=\"https:\/\/www.sc-donau.at\/wp-content\/uploads\/2024\/12\/Gerhard-Kopie.jpg 500w, https:\/\/www.sc-donau.at\/wp-content\/uploads\/2024\/12\/Gerhard-Kopie-280x300.jpg 280w\" sizes=\"(max-width: 500px) 100vw, 500px\" \/>\t\t\t\t\t\t\t\t\t\t\t\t\t<\/div>\n\t\t\t\t<\/div>\n\t\t\t\t<\/div>\n\t\t<div class=\"elementor-element elementor-element-8309608 e-con-full e-flex e-con e-child\" data-id=\"8309608\" data-element_type=\"container\">\n\t\t\t\t<div class=\"elementor-element elementor-element-7fb861d elementor-widget__width-initial elementor-widget elementor-widget-text-editor\" data-id=\"7fb861d\" data-element_type=\"widget\" data-widget_type=\"text-editor.default\">\n\t\t\t\t<div class=\"elementor-widget-container\">\n\t\t\t\t\t\t\t<p><strong>Gerhard Prohaska\u00a0 \u00a0<\/strong><\/p><p><strong>Obmann<\/strong><\/p><p>Der Obmann \u00fcbernimmt die Gesch\u00e4ftsf\u00fchrung des Vereins im Innenverh\u00e4ltnis und die Vertretung des Vereins nach au\u00dfen gegen\u00fcber Dritten.<\/p><p>Er hat den Vorsitz in den Vorstandssitzungen und der Hauptversammlung und die Aufgabe dort Beschl\u00fcsse herbeizuf\u00fchren.<\/p><p><a href=\"mailto:gerhard.prohaska@sc-donau.at\">gerhard.prohaska@sc-donau.at<\/a><\/p>\t\t\t\t\t\t<\/div>\n\t\t\t\t<\/div>\n\t\t\t\t<\/div>\n\t\t\t\t\t<\/div>\n\t\t\t\t<\/div>\n\t\t<div class=\"elementor-element elementor-element-eaac99e e-con-full e-flex e-con e-parent\" data-id=\"eaac99e\" data-element_type=\"container\" data-core-v316-plus=\"true\">\n\t\t<div class=\"elementor-element elementor-element-bb25ee0 e-con-full e-flex e-con e-child\" data-id=\"bb25ee0\" data-element_type=\"container\">\n\t\t\t\t<div class=\"elementor-element elementor-element-dd4aadc elementor-widget elementor-widget-image\" data-id=\"dd4aadc\" data-element_type=\"widget\" data-widget_type=\"image.default\">\n\t\t\t\t<div class=\"elementor-widget-container\">\n\t\t\t\t\t\t\t\t\t\t\t\t\t<img decoding=\"async\" width=\"200\" height=\"300\" src=\"https:\/\/www.sc-donau.at\/wp-content\/uploads\/2024\/12\/IMG_6860-3-1-200x300.jpg\" class=\"attachment-medium size-medium wp-image-1115\" alt=\"\" srcset=\"https:\/\/www.sc-donau.at\/wp-content\/uploads\/2024\/12\/IMG_6860-3-1-200x300.jpg 200w, https:\/\/www.sc-donau.at\/wp-content\/uploads\/2024\/12\/IMG_6860-3-1-683x1024.jpg 683w, https:\/\/www.sc-donau.at\/wp-content\/uploads\/2024\/12\/IMG_6860-3-1-768x1152.jpg 768w, https:\/\/www.sc-donau.at\/wp-content\/uploads\/2024\/12\/IMG_6860-3-1-1024x1536.jpg 1024w, https:\/\/www.sc-donau.at\/wp-content\/uploads\/2024\/12\/IMG_6860-3-1-1365x2048.jpg 1365w, https:\/\/www.sc-donau.at\/wp-content\/uploads\/2024\/12\/IMG_6860-3-1-1200x1800.jpg 1200w, https:\/\/www.sc-donau.at\/wp-content\/uploads\/2024\/12\/IMG_6860-3-1-scaled.jpg 1707w\" sizes=\"(max-width: 200px) 100vw, 200px\" \/>\t\t\t\t\t\t\t\t\t\t\t\t\t<\/div>\n\t\t\t\t<\/div>\n\t\t\t\t<\/div>\n\t\t<div class=\"elementor-element elementor-element-ff217f5 e-con-full e-flex e-con e-child\" data-id=\"ff217f5\" data-element_type=\"container\">\n\t\t\t\t<div class=\"elementor-element elementor-element-0d95262 elementor-widget elementor-widget-text-editor\" data-id=\"0d95262\" data-element_type=\"widget\" data-widget_type=\"text-editor.default\">\n\t\t\t\t<div class=\"elementor-widget-container\">\n\t\t\t\t\t\t\t<p><strong>Thomas Popov<\/strong><\/p><p><strong>Obmann-Stellvertreter <\/strong><\/p><p>\u00dcbernimmt alle Aufgaben des Obmanns bei dessen Verhinderung, bzw nach Absprache auch statt des Obmanns.<\/p><p><a href=\"mailto:thomas.popov@sc-donau.at\">thomas.popov@sc-donau.at<\/a><\/p>\t\t\t\t\t\t<\/div>\n\t\t\t\t<\/div>\n\t\t\t\t<\/div>\n\t\t\t\t<\/div>\n\t\t<div class=\"elementor-element elementor-element-a2e32a6 e-con-full e-flex e-con e-parent\" data-id=\"a2e32a6\" data-element_type=\"container\" data-core-v316-plus=\"true\">\n\t\t<div class=\"elementor-element elementor-element-b9bc39d e-con-full e-flex e-con e-child\" data-id=\"b9bc39d\" data-element_type=\"container\">\n\t\t\t\t<div class=\"elementor-element elementor-element-4ded0fc elementor-widget elementor-widget-image\" data-id=\"4ded0fc\" data-element_type=\"widget\" data-widget_type=\"image.default\">\n\t\t\t\t<div class=\"elementor-widget-container\">\n\t\t\t\t\t\t\t\t\t\t\t\t\t<img decoding=\"async\" width=\"580\" height=\"593\" src=\"https:\/\/www.sc-donau.at\/wp-content\/uploads\/2024\/11\/1_Bild-SRM2-1002x1024.jpg\" class=\"attachment-large size-large wp-image-1085\" alt=\"\" srcset=\"https:\/\/www.sc-donau.at\/wp-content\/uploads\/2024\/11\/1_Bild-SRM2-1002x1024.jpg 1002w, https:\/\/www.sc-donau.at\/wp-content\/uploads\/2024\/11\/1_Bild-SRM2-294x300.jpg 294w, https:\/\/www.sc-donau.at\/wp-content\/uploads\/2024\/11\/1_Bild-SRM2-768x785.jpg 768w, https:\/\/www.sc-donau.at\/wp-content\/uploads\/2024\/11\/1_Bild-SRM2-1503x1536.jpg 1503w, https:\/\/www.sc-donau.at\/wp-content\/uploads\/2024\/11\/1_Bild-SRM2-2004x2048.jpg 2004w, https:\/\/www.sc-donau.at\/wp-content\/uploads\/2024\/11\/1_Bild-SRM2-1200x1226.jpg 1200w, https:\/\/www.sc-donau.at\/wp-content\/uploads\/2024\/11\/1_Bild-SRM2-1980x2023.jpg 1980w\" sizes=\"(max-width: 580px) 100vw, 580px\" \/>\t\t\t\t\t\t\t\t\t\t\t\t\t<\/div>\n\t\t\t\t<\/div>\n\t\t\t\t<\/div>\n\t\t<div class=\"elementor-element elementor-element-0249743 e-con-full e-flex e-con e-child\" data-id=\"0249743\" data-element_type=\"container\">\n\t\t\t\t<div class=\"elementor-element elementor-element-1305bd8 elementor-widget elementor-widget-text-editor\" data-id=\"1305bd8\" data-element_type=\"widget\" data-widget_type=\"text-editor.default\">\n\t\t\t\t<div class=\"elementor-widget-container\">\n\t\t\t\t\t\t\t<p><b>Silvia Reischitz-Martys <\/b><\/p><p><b>Finanzreferentin<\/b><\/p><p>Die Finanzreferentin f\u00fchrt die Vereinsfinanzen und die Vereinsbuchhaltung . Sie pr\u00fcft die Rechnungen und Forderungen gegen den Verein und ist f\u00fcr die Erstellung eines Jahresbudgets im Vorfeld und eines Jahresabschlusses verantwortlich. Sie wickelt die Zahlungen des Vereins ab.<\/p><p><a href=\"mailto:Reischitz-Martys@sc-donau.at\">Silvia.Reischitz-Martys@sc-donau.at<\/a><\/p>\t\t\t\t\t\t<\/div>\n\t\t\t\t<\/div>\n\t\t\t\t<\/div>\n\t\t\t\t<\/div>\n\t\t<div class=\"elementor-element elementor-element-e89dc5d e-con-full e-flex e-con e-parent\" data-id=\"e89dc5d\" data-element_type=\"container\" data-core-v316-plus=\"true\">\n\t\t<div class=\"elementor-element elementor-element-d88b0f3 e-con-full e-flex e-con e-child\" data-id=\"d88b0f3\" data-element_type=\"container\">\n\t\t\t\t<div class=\"elementor-element elementor-element-c247d5b elementor-widget__width-initial elementor-widget elementor-widget-image\" data-id=\"c247d5b\" data-element_type=\"widget\" data-widget_type=\"image.default\">\n\t\t\t\t<div class=\"elementor-widget-container\">\n\t\t\t\t\t\t\t\t\t\t\t\t\t<img loading=\"lazy\" decoding=\"async\" width=\"70\" height=\"104\" src=\"https:\/\/www.sc-donau.at\/wp-content\/uploads\/2024\/03\/laxenburg-zecha.jpg\" class=\"attachment-large size-large wp-image-456\" alt=\"\" \/>\t\t\t\t\t\t\t\t\t\t\t\t\t<\/div>\n\t\t\t\t<\/div>\n\t\t\t\t<\/div>\n\t\t<div class=\"elementor-element elementor-element-34cbfa0 e-con-full e-flex e-con e-child\" data-id=\"34cbfa0\" data-element_type=\"container\">\n\t\t\t\t<div class=\"elementor-element elementor-element-eafab34 elementor-widget elementor-widget-text-editor\" data-id=\"eafab34\" data-element_type=\"widget\" data-widget_type=\"text-editor.default\">\n\t\t\t\t<div class=\"elementor-widget-container\">\n\t\t\t\t\t\t\t<p><b>Gaby Zecha<\/b><\/p><p><strong>Schriftf\u00fchrerin<\/strong><\/p><p>Die Schriftf\u00fchrerin hat die wichtige Aufgabe, Protokolle der Sitzungen der Vereinsorgane zu erstellen und sich um den Schriftverkehr des Vereins zu k\u00fcmmern.<\/p><p><a href=\"mailto:gaby.zecha@sc-donau.at\">gaby.zecha@sc-donau.at<\/a><\/p>\t\t\t\t\t\t<\/div>\n\t\t\t\t<\/div>\n\t\t\t\t<\/div>\n\t\t\t\t<\/div>\n\t\t<div class=\"elementor-element elementor-element-b63a659 e-flex e-con-boxed e-con e-parent\" data-id=\"b63a659\" data-element_type=\"container\" data-core-v316-plus=\"true\">\n\t\t\t\t\t<div class=\"e-con-inner\">\n\t\t<div class=\"elementor-element elementor-element-500c9d7 e-con-full e-flex e-con e-child\" data-id=\"500c9d7\" data-element_type=\"container\">\n\t\t\t\t<div class=\"elementor-element elementor-element-397acf1 elementor-widget elementor-widget-text-editor\" data-id=\"397acf1\" data-element_type=\"widget\" data-widget_type=\"text-editor.default\">\n\t\t\t\t<div class=\"elementor-widget-container\">\n\t\t\t\t\t\t\t\t\t\t\t\t\t<\/div>\n\t\t\t\t<\/div>\n\t\t\t\t<div class=\"elementor-element elementor-element-7bb42e2 elementor-widget__width-initial elementor-widget elementor-widget-image\" data-id=\"7bb42e2\" data-element_type=\"widget\" data-widget_type=\"image.default\">\n\t\t\t\t<div class=\"elementor-widget-container\">\n\t\t\t\t\t\t\t\t\t\t\t\t\t<img loading=\"lazy\" decoding=\"async\" width=\"150\" height=\"150\" src=\"https:\/\/www.sc-donau.at\/wp-content\/uploads\/2024\/03\/SC_Donau_RGB_600ppi_invers-150x150.png\" class=\"attachment-thumbnail size-thumbnail wp-image-320\" alt=\"\" srcset=\"https:\/\/www.sc-donau.at\/wp-content\/uploads\/2024\/03\/SC_Donau_RGB_600ppi_invers-150x150.png 150w, https:\/\/www.sc-donau.at\/wp-content\/uploads\/2024\/03\/SC_Donau_RGB_600ppi_invers-300x300.png 300w, https:\/\/www.sc-donau.at\/wp-content\/uploads\/2024\/03\/SC_Donau_RGB_600ppi_invers-1024x1024.png 1024w, https:\/\/www.sc-donau.at\/wp-content\/uploads\/2024\/03\/SC_Donau_RGB_600ppi_invers-768x768.png 768w, https:\/\/www.sc-donau.at\/wp-content\/uploads\/2024\/03\/SC_Donau_RGB_600ppi_invers-1536x1536.png 1536w, https:\/\/www.sc-donau.at\/wp-content\/uploads\/2024\/03\/SC_Donau_RGB_600ppi_invers-2048x2048.png 2048w, https:\/\/www.sc-donau.at\/wp-content\/uploads\/2024\/03\/SC_Donau_RGB_600ppi_invers-1200x1200.png 1200w, https:\/\/www.sc-donau.at\/wp-content\/uploads\/2024\/03\/SC_Donau_RGB_600ppi_invers-1980x1980.png 1980w\" sizes=\"(max-width: 150px) 100vw, 150px\" \/>\t\t\t\t\t\t\t\t\t\t\t\t\t<\/div>\n\t\t\t\t<\/div>\n\t\t\t\t<\/div>\n\t\t<div class=\"elementor-element elementor-element-3aca7db e-con-full e-flex e-con e-child\" data-id=\"3aca7db\" data-element_type=\"container\">\n\t\t\t\t<div class=\"elementor-element elementor-element-e8f0f2a elementor-widget__width-initial elementor-widget elementor-widget-text-editor\" data-id=\"e8f0f2a\" data-element_type=\"widget\" data-widget_type=\"text-editor.default\">\n\t\t\t\t<div class=\"elementor-widget-container\">\n\t\t\t\t\t\t\t<p><strong>Lukas Stapf\u00a0<\/strong><\/p><p><strong>Elternvertreter<\/strong><\/p><p>Der Elternvertreter teilt dem Obmann und dem Vorstand W\u00fcnsche und Beschwerden der Eltern mit. Der Obmann muss sie pr\u00fcfen und mit dem Vorstand und dem Elternvertreter besprechen.<\/p><p><a href=\"mailto:lukas.stapf@sc-donau.at\">lukas.stapf@sc-donau.at<\/a><\/p>\t\t\t\t\t\t<\/div>\n\t\t\t\t<\/div>\n\t\t\t\t<\/div>\n\t\t\t\t\t<\/div>\n\t\t\t\t<\/div>\n\t\t<div class=\"elementor-element elementor-element-23de658 e-flex e-con-boxed e-con e-parent\" data-id=\"23de658\" data-element_type=\"container\" data-core-v316-plus=\"true\">\n\t\t\t\t\t<div class=\"e-con-inner\">\n\t\t<div class=\"elementor-element elementor-element-cee8d96 e-con-full e-flex e-con e-child\" data-id=\"cee8d96\" data-element_type=\"container\">\n\t\t\t\t<div class=\"elementor-element elementor-element-19a4cf3 elementor-widget__width-initial elementor-widget elementor-widget-image\" data-id=\"19a4cf3\" data-element_type=\"widget\" data-widget_type=\"image.default\">\n\t\t\t\t<div class=\"elementor-widget-container\">\n\t\t\t\t\t\t\t\t\t\t\t\t\t<img loading=\"lazy\" decoding=\"async\" width=\"580\" height=\"682\" src=\"https:\/\/www.sc-donau.at\/wp-content\/uploads\/2025\/05\/IMG-20230801-WA0077-e1748071098383-871x1024.jpg\" class=\"attachment-large size-large wp-image-1390\" alt=\"\" srcset=\"https:\/\/www.sc-donau.at\/wp-content\/uploads\/2025\/05\/IMG-20230801-WA0077-e1748071098383-871x1024.jpg 871w, https:\/\/www.sc-donau.at\/wp-content\/uploads\/2025\/05\/IMG-20230801-WA0077-e1748071098383-255x300.jpg 255w, https:\/\/www.sc-donau.at\/wp-content\/uploads\/2025\/05\/IMG-20230801-WA0077-e1748071098383-768x903.jpg 768w, https:\/\/www.sc-donau.at\/wp-content\/uploads\/2025\/05\/IMG-20230801-WA0077-e1748071098383.jpg 1170w\" sizes=\"(max-width: 580px) 100vw, 580px\" \/>\t\t\t\t\t\t\t\t\t\t\t\t\t<\/div>\n\t\t\t\t<\/div>\n\t\t\t\t<\/div>\n\t\t<div class=\"elementor-element elementor-element-4ef0554 e-con-full e-flex e-con e-child\" data-id=\"4ef0554\" data-element_type=\"container\">\n\t\t\t\t<div class=\"elementor-element elementor-element-f3c3c82 elementor-widget elementor-widget-text-editor\" data-id=\"f3c3c82\" data-element_type=\"widget\" data-widget_type=\"text-editor.default\">\n\t\t\t\t<div class=\"elementor-widget-container\">\n\t\t\t\t\t\t\t<p><strong>Erich Strohmayer<\/strong><\/p><p><strong>Athletenvertreter<\/strong><\/p><p>Der Athletenvertreter teilt dem Obmann und dem Vorstand W\u00fcnsche, Anliegen, Vorschl\u00e4ge aber auch Beschwerden der Athleten und Athletinnen mit. Der Obmann muss sie pr\u00fcfen und mit dem Vorstand und dem Athletenvertreter besprechen.<\/p><p><a href=\"mailto:erich.strohmayer@sc-donau.at\">erich.strohmayer@sc-donau.at<\/a><\/p>\t\t\t\t\t\t<\/div>\n\t\t\t\t<\/div>\n\t\t\t\t<\/div>\n\t\t\t\t\t<\/div>\n\t\t\t\t<\/div>\n\t\t<div class=\"elementor-element elementor-element-f617e4b e-con-full e-flex e-con e-parent\" data-id=\"f617e4b\" data-element_type=\"container\" data-core-v316-plus=\"true\">\n\t\t<div class=\"elementor-element elementor-element-054d41e e-con-full e-flex e-con e-child\" data-id=\"054d41e\" data-element_type=\"container\">\n\t\t\t\t<div class=\"elementor-element elementor-element-6672ef2 elementor-widget__width-initial elementor-widget elementor-widget-image\" data-id=\"6672ef2\" data-element_type=\"widget\" data-widget_type=\"image.default\">\n\t\t\t\t<div class=\"elementor-widget-container\">\n\t\t\t\t\t\t\t\t\t\t\t\t\t<img loading=\"lazy\" decoding=\"async\" width=\"150\" height=\"150\" src=\"https:\/\/www.sc-donau.at\/wp-content\/uploads\/2024\/03\/SC_Donau_RGB_600ppi_invers-150x150.png\" class=\"attachment-thumbnail size-thumbnail wp-image-320\" alt=\"\" srcset=\"https:\/\/www.sc-donau.at\/wp-content\/uploads\/2024\/03\/SC_Donau_RGB_600ppi_invers-150x150.png 150w, https:\/\/www.sc-donau.at\/wp-content\/uploads\/2024\/03\/SC_Donau_RGB_600ppi_invers-300x300.png 300w, https:\/\/www.sc-donau.at\/wp-content\/uploads\/2024\/03\/SC_Donau_RGB_600ppi_invers-1024x1024.png 1024w, https:\/\/www.sc-donau.at\/wp-content\/uploads\/2024\/03\/SC_Donau_RGB_600ppi_invers-768x768.png 768w, https:\/\/www.sc-donau.at\/wp-content\/uploads\/2024\/03\/SC_Donau_RGB_600ppi_invers-1536x1536.png 1536w, https:\/\/www.sc-donau.at\/wp-content\/uploads\/2024\/03\/SC_Donau_RGB_600ppi_invers-2048x2048.png 2048w, https:\/\/www.sc-donau.at\/wp-content\/uploads\/2024\/03\/SC_Donau_RGB_600ppi_invers-1200x1200.png 1200w, https:\/\/www.sc-donau.at\/wp-content\/uploads\/2024\/03\/SC_Donau_RGB_600ppi_invers-1980x1980.png 1980w\" sizes=\"(max-width: 150px) 100vw, 150px\" \/>\t\t\t\t\t\t\t\t\t\t\t\t\t<\/div>\n\t\t\t\t<\/div>\n\t\t\t\t<\/div>\n\t\t<div class=\"elementor-element elementor-element-f0a09a0 e-con-full e-flex e-con e-child\" data-id=\"f0a09a0\" data-element_type=\"container\">\n\t\t\t\t<div class=\"elementor-element elementor-element-5087ea5 elementor-widget__width-initial elementor-widget elementor-widget-text-editor\" data-id=\"5087ea5\" data-element_type=\"widget\" data-widget_type=\"text-editor.default\">\n\t\t\t\t<div class=\"elementor-widget-container\">\n\t\t\t\t\t\t\t<p><strong>Michael Sellner<\/strong><\/p><p><strong>Verantwortlicher Alte Donau<\/strong><\/p><p>Der Verantwortliche Alte Donau teilt dem Obmann und dem Vorstand W\u00fcnsche und Beschwerden bez\u00fcglich des Vereinsgel\u00e4ndes auf der Alten Donau incl. dort geplanter und stattfindender Veranstaltungen mit. Der Obmann muss sie pr\u00fcfen und mit dem Vorstand und dem Verantwortlichen besprechen.<\/p><p><a href=\"mailto:michael.sellner@sc-donau.at\">michael.sellner@sc-donau.at<\/a><\/p>\t\t\t\t\t\t<\/div>\n\t\t\t\t<\/div>\n\t\t\t\t<\/div>\n\t\t\t\t<\/div>\n\t\t\t\t<\/div>\n\t\t","protected":false},"excerpt":{"rendered":"<p>Untenstehend findet ihr die Vorstandsmitglieder unseres Vereins &#8222;Erster Wiener Donau Schwimm Club 1903&#8220; Gerhard Prohaska\u00a0 \u00a0 Obmann Der Obmann \u00fcbernimmt die Gesch\u00e4ftsf\u00fchrung des Vereins im Innenverh\u00e4ltnis und die Vertretung des Vereins nach au\u00dfen gegen\u00fcber Dritten. Er hat den Vorsitz in den Vorstandssitzungen und der Hauptversammlung und die Aufgabe dort Beschl\u00fcsse herbeizuf\u00fchren. gerhard.prohaska@sc-donau.at Thomas Popov Obmann-Stellvertreter [&hellip;]<\/p>\n","protected":false},"author":1,"featured_media":0,"parent":0,"menu_order":0,"comment_status":"closed","ping_status":"closed","template":"","meta":{"footnotes":""},"class_list":["post-387","page","type-page","status-publish","hentry"],"_links":{"self":[{"href":"https:\/\/www.sc-donau.at\/index.php?rest_route=\/wp\/v2\/pages\/387","targetHints":{"allow":["GET"]}}],"collection":[{"href":"https:\/\/www.sc-donau.at\/index.php?rest_route=\/wp\/v2\/pages"}],"about":[{"href":"https:\/\/www.sc-donau.at\/index.php?rest_route=\/wp\/v2\/types\/page"}],"author":[{"embeddable":true,"href":"https:\/\/www.sc-donau.at\/index.php?rest_route=\/wp\/v2\/users\/1"}],"replies":[{"embeddable":true,"href":"https:\/\/www.sc-donau.at\/index.php?rest_route=%2Fwp%2Fv2%2Fcomments&post=387"}],"version-history":[{"count":119,"href":"https:\/\/www.sc-donau.at\/index.php?rest_route=\/wp\/v2\/pages\/387\/revisions"}],"predecessor-version":[{"id":1401,"href":"https:\/\/www.sc-donau.at\/index.php?rest_route=\/wp\/v2\/pages\/387\/revisions\/1401"}],"wp:attachment":[{"href":"https:\/\/www.sc-donau.at\/index.php?rest_route=%2Fwp%2Fv2%2Fmedia&parent=387"}],"curies":[{"name":"wp","href":"https:\/\/api.w.org\/{rel}","templated":true}]}}