{"id":390,"date":"2024-03-27T19:30:18","date_gmt":"2024-03-27T18:30:18","guid":{"rendered":"https:\/\/www.sc-donau.at\/?page_id=390"},"modified":"2024-05-03T18:06:36","modified_gmt":"2024-05-03T16:06:36","slug":"festschriften-und-geschichte","status":"publish","type":"page","link":"https:\/\/www.sc-donau.at\/?page_id=390","title":{"rendered":"Festschriften und Geschichte"},"content":{"rendered":"\t\t<div data-elementor-type=\"wp-page\" data-elementor-id=\"390\" class=\"elementor elementor-390\">\n\t\t\t\t<div class=\"elementor-element elementor-element-3d86d40 e-flex e-con-boxed e-con e-parent\" data-id=\"3d86d40\" data-element_type=\"container\" data-core-v316-plus=\"true\">\n\t\t\t\t\t<div class=\"e-con-inner\">\n\t\t\t\t<div class=\"elementor-element elementor-element-628c22b elementor-widget elementor-widget-text-editor\" data-id=\"628c22b\" data-element_type=\"widget\" data-widget_type=\"text-editor.default\">\n\t\t\t\t<div class=\"elementor-widget-container\">\n\t\t\t<style>\/*! elementor - v3.20.0 - 26-03-2024 *\/\n.elementor-widget-text-editor.elementor-drop-cap-view-stacked .elementor-drop-cap{background-color:#69727d;color:#fff}.elementor-widget-text-editor.elementor-drop-cap-view-framed .elementor-drop-cap{color:#69727d;border:3px solid;background-color:transparent}.elementor-widget-text-editor:not(.elementor-drop-cap-view-default) .elementor-drop-cap{margin-top:8px}.elementor-widget-text-editor:not(.elementor-drop-cap-view-default) .elementor-drop-cap-letter{width:1em;height:1em}.elementor-widget-text-editor .elementor-drop-cap{float:left;text-align:center;line-height:1;font-size:50px}.elementor-widget-text-editor .elementor-drop-cap-letter{display:inline-block}<\/style>\t\t\t\t<p>Wir freuen uns, euch untenstehend die Geschichte unseres Verein anhand von einigen Festschriften vorstellen zu d\u00fcrfen. Viel Vergn\u00fcgen beim Durchbl\u00e4ttern.<\/p>\t\t\t\t\t\t<\/div>\n\t\t\t\t<\/div>\n\t\t\t\t\t<\/div>\n\t\t\t\t<\/div>\n\t\t<div class=\"elementor-element elementor-element-c518d77 e-flex e-con-boxed e-con e-parent\" data-id=\"c518d77\" data-element_type=\"container\" data-core-v316-plus=\"true\">\n\t\t\t\t\t<div class=\"e-con-inner\">\n\t\t\t\t<div class=\"elementor-element elementor-element-658539b elementor-widget elementor-widget-text-editor\" data-id=\"658539b\" data-element_type=\"widget\" data-widget_type=\"text-editor.default\">\n\t\t\t\t<div class=\"elementor-widget-container\">\n\t\t\t\t\t\t\t<p><a style=\"font-size: inherit; text-align: inherit;\" href=\"https:\/\/www.sc-donau.at\/wp-content\/uploads\/2024\/03\/1963-Festschrift-60-Jahre-EWDSC_OCR.pdf\">1963 Festschrift 60 Jahre EWDSC_OCR<\/a><\/p><p><a style=\"font-size: inherit; text-align: inherit;\" href=\"https:\/\/www.sc-donau.at\/wp-content\/uploads\/2024\/03\/1978-Festschrift-75-Jahre-EWDSC_OCR.pdf\">1978 Festschrift 75 Jahre EWDSC_OCR<\/a><\/p><p><a href=\"https:\/\/www.sc-donau.at\/wp-content\/uploads\/2024\/03\/1993-Festschrift-90-Jahre-EWDSC_OCR.pdf\">1993 Festschrift 90 Jahre EWDSC_OCR<\/a><\/p><p><a href=\"https:\/\/www.sc-donau.at\/wp-content\/uploads\/2024\/03\/2004-Festschrift-100-Jahre-EWDSC_OCR.pdf\">2004 Festschrift 100 Jahre EWDSC_OCR<\/a><\/p><p><a href=\"https:\/\/www.sc-donau.at\/wp-content\/uploads\/2024\/03\/2019-FESTSCHRIFT_100-Jahre-Damenmitgliedschaft.pdf\">2019 FESTSCHRIFT_100 Jahre Damenmitgliedschaft<\/a><\/p><p><a href=\"https:\/\/www.sc-donau.at\/wp-content\/uploads\/2024\/03\/2022-Donau_Jahresbericht_v2.pdf\">2022 Donau_Jahresbericht_v2<\/a><\/p><p>\u00a0<\/p>\t\t\t\t\t\t<\/div>\n\t\t\t\t<\/div>\n\t\t\t\t\t<\/div>\n\t\t\t\t<\/div>\n\t\t<div class=\"elementor-element elementor-element-fe35f17 e-flex e-con-boxed e-con e-parent\" data-id=\"fe35f17\" data-element_type=\"container\" data-core-v316-plus=\"true\">\n\t\t\t\t\t<div class=\"e-con-inner\">\n\t\t\t\t<div class=\"elementor-element elementor-element-40b46d5 elementor-widget elementor-widget-text-editor\" data-id=\"40b46d5\" data-element_type=\"widget\" data-widget_type=\"text-editor.default\">\n\t\t\t\t<div class=\"elementor-widget-container\">\n\t\t\t\t\t\t\t<p>Wir sind stolz auf unsere Olympiateilnehmerinnen und -teilnehmer\u00a0<\/p><p><a href=\"https:\/\/www.sc-donau.at\/wp-content\/uploads\/2024\/03\/Donau-OlympiaTN-1919-2018.pdf\">Donau OlympiaTN 1919-2018<\/a><\/p><p>\u00a0<\/p>\t\t\t\t\t\t<\/div>\n\t\t\t\t<\/div>\n\t\t\t\t\t<\/div>\n\t\t\t\t<\/div>\n\t\t<div class=\"elementor-element elementor-element-b8a01a6 e-flex e-con-boxed e-con e-parent\" data-id=\"b8a01a6\" data-element_type=\"container\" data-core-v316-plus=\"true\">\n\t\t\t\t\t<div class=\"e-con-inner\">\n\t\t\t\t<div class=\"elementor-element elementor-element-4085232 elementor-widget elementor-widget-text-editor\" data-id=\"4085232\" data-element_type=\"widget\" data-widget_type=\"text-editor.default\">\n\t\t\t\t<div class=\"elementor-widget-container\">\n\t\t\t\t\t\t\t<p>Ebenso stolz sind wir auf unsere Staatsmeisterinnen und Staatsmeister<\/p><p><a href=\"https:\/\/www.sc-donau.at\/wp-content\/uploads\/2024\/03\/1919-2018-Medaillen_OeMS-SC-Donau.pdf\">1919-2018 Medaillen_\u00d6MS-SC Donau<\/a><\/p><p>\u00a0<\/p>\t\t\t\t\t\t<\/div>\n\t\t\t\t<\/div>\n\t\t\t\t\t<\/div>\n\t\t\t\t<\/div>\n\t\t\t\t<\/div>\n\t\t","protected":false},"excerpt":{"rendered":"<p>Wir freuen uns, euch untenstehend die Geschichte unseres Verein anhand von einigen Festschriften vorstellen zu d\u00fcrfen. Viel Vergn\u00fcgen beim Durchbl\u00e4ttern. 1963 Festschrift 60 Jahre EWDSC_OCR 1978 Festschrift 75 Jahre EWDSC_OCR 1993 Festschrift 90 Jahre EWDSC_OCR 2004 Festschrift 100 Jahre EWDSC_OCR 2019 FESTSCHRIFT_100 Jahre Damenmitgliedschaft 2022 Donau_Jahresbericht_v2 \u00a0 Wir sind stolz auf unsere Olympiateilnehmerinnen und -teilnehmer\u00a0 [&hellip;]<\/p>\n","protected":false},"author":1,"featured_media":0,"parent":0,"menu_order":0,"comment_status":"closed","ping_status":"closed","template":"","meta":{"footnotes":""},"class_list":["post-390","page","type-page","status-publish","hentry"],"_links":{"self":[{"href":"https:\/\/www.sc-donau.at\/index.php?rest_route=\/wp\/v2\/pages\/390","targetHints":{"allow":["GET"]}}],"collection":[{"href":"https:\/\/www.sc-donau.at\/index.php?rest_route=\/wp\/v2\/pages"}],"about":[{"href":"https:\/\/www.sc-donau.at\/index.php?rest_route=\/wp\/v2\/types\/page"}],"author":[{"embeddable":true,"href":"https:\/\/www.sc-donau.at\/index.php?rest_route=\/wp\/v2\/users\/1"}],"replies":[{"embeddable":true,"href":"https:\/\/www.sc-donau.at\/index.php?rest_route=%2Fwp%2Fv2%2Fcomments&post=390"}],"version-history":[{"count":20,"href":"https:\/\/www.sc-donau.at\/index.php?rest_route=\/wp\/v2\/pages\/390\/revisions"}],"predecessor-version":[{"id":683,"href":"https:\/\/www.sc-donau.at\/index.php?rest_route=\/wp\/v2\/pages\/390\/revisions\/683"}],"wp:attachment":[{"href":"https:\/\/www.sc-donau.at\/index.php?rest_route=%2Fwp%2Fv2%2Fmedia&parent=390"}],"curies":[{"name":"wp","href":"https:\/\/api.w.org\/{rel}","templated":true}]}}