{"id":412,"date":"2024-03-27T20:22:51","date_gmt":"2024-03-27T19:22:51","guid":{"rendered":"https:\/\/www.sc-donau.at\/?page_id=412"},"modified":"2026-04-02T14:14:34","modified_gmt":"2026-04-02T12:14:34","slug":"news","status":"publish","type":"page","link":"https:\/\/www.sc-donau.at\/?page_id=412","title":{"rendered":"News"},"content":{"rendered":"\t\t<div data-elementor-type=\"wp-page\" data-elementor-id=\"412\" class=\"elementor elementor-412\">\n\t\t\t\t<div class=\"elementor-element elementor-element-dc4bf25 e-con-full e-flex e-con e-parent\" data-id=\"dc4bf25\" data-element_type=\"container\" data-core-v316-plus=\"true\">\n\t\t\t\t<div class=\"elementor-element elementor-element-cb76108 elementor-widget elementor-widget-text-editor\" data-id=\"cb76108\" data-element_type=\"widget\" data-widget_type=\"text-editor.default\">\n\t\t\t\t<div class=\"elementor-widget-container\">\n\t\t\t<style>\/*! elementor - v3.20.0 - 26-03-2024 *\/\n.elementor-widget-text-editor.elementor-drop-cap-view-stacked .elementor-drop-cap{background-color:#69727d;color:#fff}.elementor-widget-text-editor.elementor-drop-cap-view-framed .elementor-drop-cap{color:#69727d;border:3px solid;background-color:transparent}.elementor-widget-text-editor:not(.elementor-drop-cap-view-default) .elementor-drop-cap{margin-top:8px}.elementor-widget-text-editor:not(.elementor-drop-cap-view-default) .elementor-drop-cap-letter{width:1em;height:1em}.elementor-widget-text-editor .elementor-drop-cap{float:left;text-align:center;line-height:1;font-size:50px}.elementor-widget-text-editor .elementor-drop-cap-letter{display:inline-block}<\/style>\t\t\t\t<p><strong>\u00a0Sommermitgliedschaft 2026 &#8211;\u00a0ALTE DONAU<\/strong><\/p><p>G\u00fcltigkeit: <strong>01. Mai 2026 bis 30.09.2026<\/strong><br \/>Mitgliedsbeitrag: <strong>EUR 200,-<\/strong><br \/>Kaution Chip: EUR 50,-<\/p><p>Wie funktionierts?<br \/>Mail mit Betreff &#8222;Antrag auf Sommermitgliedschaft&#8220;<\/p><p>an <strong>info@sc-donau.at<\/strong> senden<\/p><p><br \/>Mitgliedsbeitrag\/Chip-Kaution nach Erhalt der Best\u00e4tigung der Sommermitgliedschaft einzahlen<br \/>Zutrittschip \u201eHausschl\u00fcssel\u201c \u00fcbernehmen<br \/>Gel\u00e4nde ben\u00fctzen<\/p><p>Details und Bestimmungen dazu <a href=\"https:\/\/www.sc-donau.at\/wp-content\/uploads\/2026\/04\/SC-DONAU_Nutzungsbestimmungen-Sommermitgliedschaft-2026.pdf\">hier<\/a><\/p>\t\t\t\t\t\t<\/div>\n\t\t\t\t<\/div>\n\t\t\t\t<div class=\"elementor-element elementor-element-f4773ed elementor-widget elementor-widget-image\" data-id=\"f4773ed\" data-element_type=\"widget\" data-widget_type=\"image.default\">\n\t\t\t\t<div class=\"elementor-widget-container\">\n\t\t\t<style>\/*! elementor - v3.20.0 - 26-03-2024 *\/\n.elementor-widget-image{text-align:center}.elementor-widget-image a{display:inline-block}.elementor-widget-image a img[src$=\".svg\"]{width:48px}.elementor-widget-image img{vertical-align:middle;display:inline-block}<\/style>\t\t\t\t\t\t\t\t\t\t<img fetchpriority=\"high\" decoding=\"async\" width=\"580\" height=\"580\" src=\"https:\/\/www.sc-donau.at\/wp-content\/uploads\/2024\/03\/SC_Donau_RGB_600ppi_invers-1024x1024.png\" class=\"attachment-large size-large wp-image-320\" alt=\"\" srcset=\"https:\/\/www.sc-donau.at\/wp-content\/uploads\/2024\/03\/SC_Donau_RGB_600ppi_invers-1024x1024.png 1024w, https:\/\/www.sc-donau.at\/wp-content\/uploads\/2024\/03\/SC_Donau_RGB_600ppi_invers-300x300.png 300w, https:\/\/www.sc-donau.at\/wp-content\/uploads\/2024\/03\/SC_Donau_RGB_600ppi_invers-150x150.png 150w, https:\/\/www.sc-donau.at\/wp-content\/uploads\/2024\/03\/SC_Donau_RGB_600ppi_invers-768x768.png 768w, https:\/\/www.sc-donau.at\/wp-content\/uploads\/2024\/03\/SC_Donau_RGB_600ppi_invers-1536x1536.png 1536w, https:\/\/www.sc-donau.at\/wp-content\/uploads\/2024\/03\/SC_Donau_RGB_600ppi_invers-2048x2048.png 2048w, https:\/\/www.sc-donau.at\/wp-content\/uploads\/2024\/03\/SC_Donau_RGB_600ppi_invers-1200x1200.png 1200w, https:\/\/www.sc-donau.at\/wp-content\/uploads\/2024\/03\/SC_Donau_RGB_600ppi_invers-1980x1980.png 1980w\" sizes=\"(max-width: 580px) 100vw, 580px\" \/>\t\t\t\t\t\t\t\t\t\t\t\t\t<\/div>\n\t\t\t\t<\/div>\n\t\t\t\t<\/div>\n\t\t\t\t<\/div>\n\t\t","protected":false},"excerpt":{"rendered":"<p>\u00a0Sommermitgliedschaft 2026 &#8211;\u00a0ALTE DONAU G\u00fcltigkeit: 01. Mai 2026 bis 30.09.2026Mitgliedsbeitrag: EUR 200,-Kaution Chip: EUR 50,- Wie funktionierts?Mail mit Betreff &#8222;Antrag auf Sommermitgliedschaft&#8220; an info@sc-donau.at senden Mitgliedsbeitrag\/Chip-Kaution nach Erhalt der Best\u00e4tigung der Sommermitgliedschaft einzahlenZutrittschip \u201eHausschl\u00fcssel\u201c \u00fcbernehmenGel\u00e4nde ben\u00fctzen Details und Bestimmungen dazu hier<\/p>\n","protected":false},"author":1,"featured_media":0,"parent":0,"menu_order":0,"comment_status":"closed","ping_status":"closed","template":"","meta":{"footnotes":""},"class_list":["post-412","page","type-page","status-publish","hentry"],"_links":{"self":[{"href":"https:\/\/www.sc-donau.at\/index.php?rest_route=\/wp\/v2\/pages\/412","targetHints":{"allow":["GET"]}}],"collection":[{"href":"https:\/\/www.sc-donau.at\/index.php?rest_route=\/wp\/v2\/pages"}],"about":[{"href":"https:\/\/www.sc-donau.at\/index.php?rest_route=\/wp\/v2\/types\/page"}],"author":[{"embeddable":true,"href":"https:\/\/www.sc-donau.at\/index.php?rest_route=\/wp\/v2\/users\/1"}],"replies":[{"embeddable":true,"href":"https:\/\/www.sc-donau.at\/index.php?rest_route=%2Fwp%2Fv2%2Fcomments&post=412"}],"version-history":[{"count":22,"href":"https:\/\/www.sc-donau.at\/index.php?rest_route=\/wp\/v2\/pages\/412\/revisions"}],"predecessor-version":[{"id":1838,"href":"https:\/\/www.sc-donau.at\/index.php?rest_route=\/wp\/v2\/pages\/412\/revisions\/1838"}],"wp:attachment":[{"href":"https:\/\/www.sc-donau.at\/index.php?rest_route=%2Fwp%2Fv2%2Fmedia&parent=412"}],"curies":[{"name":"wp","href":"https:\/\/api.w.org\/{rel}","templated":true}]}}